{"id":2,"date":"2016-05-10T03:48:21","date_gmt":"2016-05-10T03:48:21","guid":{"rendered":"http:\/\/baldurs-heilsame-seelenpfade.net\/?page_id=2"},"modified":"2021-07-27T12:16:47","modified_gmt":"2021-07-27T12:16:47","slug":"sample-page","status":"publish","type":"page","link":"http:\/\/baldurs-heilsame-seelenpfade.net\/","title":{"rendered":"Sample Page"},"content":{"rendered":"<p><strong>Komm ins Abenteuerland \u2013 auf \u00a0Deine eigene Reise zum Gl\u00fcck und \u201ehinter\u201c den Verstand<\/strong><\/p>\n<p>\u00a0<\/p>\n<h1>Ich biete Schamanismus im Sinne<\/h1>\n<p><strong>individueller schamanischer Reisen, Einzelbehandlungen und Workshops aus dem modernen und traditionellen Schamanentum, sowie Beratung und Pers\u00f6nlichkeitsentwicklung mittels Pflanzenspirits und \u00e4therischen \u00d6len .<\/strong><\/p>\n<p><strong>Schamanismus beinhaltet im Kern das Wissen um eine geistige, spirituelle Wirklichkeit, sowie das Beseelt sein s\u00e4mtlicher Natur. Als schamanisch Praktizierender betrete ich diese Nicht-Allt\u00e4gliche-Wirklichkeit durch einen Trancezustand, welcher z.B. mit Trommelrhytmen hervorgerufen wird und kann von dort in den Alltag hinein wirken. <br \/><\/strong><\/p>\n<p><strong>Der <em>wissenschaftliche Begriff <\/em>des Schaman<em>ismus, <\/em>von Anthropologen im 19. Jahrhundert definiert, umfasst ein \u00fcber 40.000 Jahre altes kulturspezifisches Ph\u00e4nomen welches auf allen Kontinenten der Erde existiert. Das Wort Schamane stammt aus der tungusischen Sprache (Sibirien) und beschreibt eine Person welche sich durch eine ekstatische Trance in die Welt der Geister (Spirits) begibt oder diese in einer Sch\u00fctteltrance in sich invoziert. <br \/><\/strong><\/p>\n<p><strong>Die Methoden in eine schamanische Trance zu gelangen sind vielf\u00e4ltig und unterliegen immer\u00a0 bestimmten neurochemischen Prozessen, worauf ich in <a class=\"cm_anchor\" href=\"http:\/\/www.siegmundbaldurlorenz.net\/Schamanismus-und-Alchemie\/\">Schamanismus und Alchemie<\/a> n\u00e4her eingehe. Des weiteren werde ich in meinem Blog auf verschiedenste Bereiche des Schamanismus eingehen.<\/strong><\/p>\n\n\n<figure class=\"wp-block-image size-large\"><img loading=\"lazy\" decoding=\"async\" width=\"640\" height=\"480\" src=\"http:\/\/baldurs-heilsame-seelenpfade.net\/wp-content\/uploads\/2020\/06\/IMG_20301.jpg\" alt=\"\" class=\"wp-image-108\" srcset=\"http:\/\/baldurs-heilsame-seelenpfade.net\/wp-content\/uploads\/2020\/06\/IMG_20301.jpg 640w, http:\/\/baldurs-heilsame-seelenpfade.net\/wp-content\/uploads\/2020\/06\/IMG_20301-300x225.jpg 300w\" sizes=\"auto, (max-width: 640px) 100vw, 640px\" \/><\/figure>\n\n\n\n<p>Sie erreichen mich telefonisch unter 02406\/98 94 688 oder 01573\/255 65 21. Gerne k\u00f6nnen Sie mir auch eine E-mail schreiben auf siegmund@schamane-des-ostens.de<\/p>\n","protected":false},"excerpt":{"rendered":"<p>Komm ins Abenteuerland \u2013 auf \u00a0Deine eigene Reise zum Gl\u00fcck und \u201ehinter\u201c den Verstand \u00a0 Ich biete Schamanismus im Sinne individueller schamanischer Reisen, Einzelbehandlungen und Workshops aus dem modernen und traditionellen Schamanentum, sowie Beratung und Pers\u00f6nlichkeitsentwicklung mittels Pflanzenspirits und \u00e4therischen \u00d6len . Schamanismus beinhaltet im Kern das Wissen um eine geistige, spirituelle Wirklichkeit, sowie das &hellip; <\/p>\n<p class=\"link-more\"><a href=\"http:\/\/baldurs-heilsame-seelenpfade.net\/\" class=\"more-link\"><span class=\"screen-reader-text\">\u201eSample Page\u201c <\/span>weiterlesen<\/a><\/p>\n","protected":false},"author":1,"featured_media":0,"parent":0,"menu_order":0,"comment_status":"closed","ping_status":"open","template":"","meta":{"footnotes":""},"class_list":["post-2","page","type-page","status-publish","hentry"],"_links":{"self":[{"href":"http:\/\/baldurs-heilsame-seelenpfade.net\/index.php?rest_route=\/wp\/v2\/pages\/2","targetHints":{"allow":["GET"]}}],"collection":[{"href":"http:\/\/baldurs-heilsame-seelenpfade.net\/index.php?rest_route=\/wp\/v2\/pages"}],"about":[{"href":"http:\/\/baldurs-heilsame-seelenpfade.net\/index.php?rest_route=\/wp\/v2\/types\/page"}],"author":[{"embeddable":true,"href":"http:\/\/baldurs-heilsame-seelenpfade.net\/index.php?rest_route=\/wp\/v2\/users\/1"}],"replies":[{"embeddable":true,"href":"http:\/\/baldurs-heilsame-seelenpfade.net\/index.php?rest_route=%2Fwp%2Fv2%2Fcomments&post=2"}],"version-history":[{"count":7,"href":"http:\/\/baldurs-heilsame-seelenpfade.net\/index.php?rest_route=\/wp\/v2\/pages\/2\/revisions"}],"predecessor-version":[{"id":118,"href":"http:\/\/baldurs-heilsame-seelenpfade.net\/index.php?rest_route=\/wp\/v2\/pages\/2\/revisions\/118"}],"wp:attachment":[{"href":"http:\/\/baldurs-heilsame-seelenpfade.net\/index.php?rest_route=%2Fwp%2Fv2%2Fmedia&parent=2"}],"curies":[{"name":"wp","href":"https:\/\/api.w.org\/{rel}","templated":true}]}}